{"id":1975,"date":"2020-08-31T18:13:06","date_gmt":"2020-08-31T16:13:06","guid":{"rendered":"https:\/\/baer.a4agentur.site\/carriere\/"},"modified":"2021-01-27T21:40:27","modified_gmt":"2021-01-27T20:40:27","slug":"carriere","status":"publish","type":"page","link":"https:\/\/www.baer.ch\/fr\/carriere\/","title":{"rendered":"Carri\u00e8re"},"content":{"rendered":"\t\t<div data-elementor-type=\"wp-page\" data-elementor-id=\"1975\" class=\"elementor elementor-1975 elementor-45\" data-elementor-post-type=\"page\">\n\t\t\t\t\t\t\t\t\t<section class=\"elementor-section elementor-top-section elementor-element elementor-element-e8fcdc5 elementor-reverse-tablet elementor-reverse-mobile elementor-section-content-top elementor-section-boxed elementor-section-height-default elementor-section-height-default\" data-id=\"e8fcdc5\" data-element_type=\"section\">\n\t\t\t\t\t\t<div class=\"elementor-container elementor-column-gap-default\">\n\t\t\t\t\t<div class=\"elementor-column elementor-col-50 elementor-top-column elementor-element elementor-element-205c453\" data-id=\"205c453\" data-element_type=\"column\" data-settings=\"{&quot;background_background&quot;:&quot;classic&quot;}\">\n\t\t\t<div class=\"elementor-widget-wrap elementor-element-populated\">\n\t\t\t\t\t\t\t\t<div class=\"elementor-element elementor-element-4d108f9 elementor-widget elementor-widget-heading\" data-id=\"4d108f9\" data-element_type=\"widget\" data-widget_type=\"heading.default\">\n\t\t\t\t<div class=\"elementor-widget-container\">\n\t\t\t<h3 class=\"elementor-heading-title elementor-size-default\">Carri\u00e8re<\/h3>\t\t<\/div>\n\t\t\t\t<\/div>\n\t\t\t\t<div class=\"elementor-element elementor-element-7754c00 elementor-widget elementor-widget-text-editor\" data-id=\"7754c00\" data-element_type=\"widget\" data-widget_type=\"text-editor.default\">\n\t\t\t\t<div class=\"elementor-widget-container\">\n\t\t\t\t\t\t\t<p>La soci\u00e9t\u00e9 BAER AG fait partie du groupe laitier Lactalis.<br \/>\nLes offres d\u2019emploi de BAER sont donc disponibles sur le portail de\u00a0Lactalis Suisse AG.\u00a0Cliquez sur le lien ci-dessous pour \u00eatre redirig\u00e9 directement vers la liste des offres actuelles de la soci\u00e9t\u00e9 Lactalis Suisse SA et des autres soci\u00e9t\u00e9s du groupe Lactalis.<\/p>\n\t\t\t\t\t\t<\/div>\n\t\t\t\t<\/div>\n\t\t\t\t<div class=\"elementor-element elementor-element-f35e066 elementor-widget elementor-widget-button\" data-id=\"f35e066\" data-element_type=\"widget\" data-widget_type=\"button.default\">\n\t\t\t\t<div class=\"elementor-widget-container\">\n\t\t\t\t\t<div class=\"elementor-button-wrapper\">\n\t\t\t<a class=\"elementor-button elementor-button-link elementor-size-sm\" href=\"https:\/\/www.lactalis.ch\/karriere\/?setlang=fr\" target=\"_blank\">\n\t\t\t\t\t\t<span class=\"elementor-button-content-wrapper\">\n\t\t\t\t\t\t<span class=\"elementor-button-text\">> offres d\u2019emploi<\/span>\n\t\t<\/span>\n\t\t\t\t\t<\/a>\n\t\t<\/div>\n\t\t\t\t<\/div>\n\t\t\t\t<\/div>\n\t\t\t\t\t<\/div>\n\t\t<\/div>\n\t\t\t\t<div class=\"elementor-column elementor-col-50 elementor-top-column elementor-element elementor-element-53a5060\" data-id=\"53a5060\" data-element_type=\"column\">\n\t\t\t<div class=\"elementor-widget-wrap elementor-element-populated\">\n\t\t\t\t\t\t\t\t<div class=\"elementor-element elementor-element-0130434 elementor-widget elementor-widget-image\" data-id=\"0130434\" data-element_type=\"widget\" data-widget_type=\"image.default\">\n\t\t\t\t<div class=\"elementor-widget-container\">\n\t\t\t\t\t\t\t\t\t\t\t\t\t\t\t<img decoding=\"async\" loading=\"lazy\" width=\"375\" height=\"253\" src=\"https:\/\/www.baer.ch\/wp-content\/uploads\/2021\/01\/werte_3.jpg\" class=\"attachment-full size-full wp-image-3127\" alt=\"\" srcset=\"https:\/\/www.baer.ch\/wp-content\/uploads\/2021\/01\/werte_3.jpg 375w, https:\/\/www.baer.ch\/wp-content\/uploads\/2021\/01\/werte_3-300x202.jpg 300w\" sizes=\"(max-width: 375px) 100vw, 375px\" \/>\t\t\t\t\t\t\t\t\t\t\t\t\t\t\t<\/div>\n\t\t\t\t<\/div>\n\t\t\t\t\t<\/div>\n\t\t<\/div>\n\t\t\t\t\t\t\t<\/div>\n\t\t<\/section>\n\t\t\t\t<section class=\"elementor-section elementor-top-section elementor-element elementor-element-e76770d elementor-section-boxed elementor-section-height-default elementor-section-height-default\" data-id=\"e76770d\" data-element_type=\"section\">\n\t\t\t\t\t\t<div class=\"elementor-container elementor-column-gap-default\">\n\t\t\t\t\t<div class=\"elementor-column elementor-col-100 elementor-top-column elementor-element elementor-element-0da81d3\" data-id=\"0da81d3\" data-element_type=\"column\">\n\t\t\t<div class=\"elementor-widget-wrap elementor-element-populated\">\n\t\t\t\t\t\t\t\t<div class=\"elementor-element elementor-element-397b09a elementor-widget elementor-widget-spacer\" data-id=\"397b09a\" data-element_type=\"widget\" data-widget_type=\"spacer.default\">\n\t\t\t\t<div class=\"elementor-widget-container\">\n\t\t\t\t\t<div class=\"elementor-spacer\">\n\t\t\t<div class=\"elementor-spacer-inner\"><\/div>\n\t\t<\/div>\n\t\t\t\t<\/div>\n\t\t\t\t<\/div>\n\t\t\t\t\t<\/div>\n\t\t<\/div>\n\t\t\t\t\t\t\t<\/div>\n\t\t<\/section>\n\t\t\t\t\t\t\t<\/div>\n\t\t","protected":false},"excerpt":{"rendered":"<p>Carri\u00e8re La soci\u00e9t\u00e9 BAER AG fait partie du groupe laitier Lactalis. Les offres d\u2019emploi de BAER sont donc disponibles sur le portail de\u00a0Lactalis Suisse AG.\u00a0Cliquez sur le lien ci-dessous pour \u00eatre redirig\u00e9 directement vers la liste des offres actuelles de la soci\u00e9t\u00e9 Lactalis Suisse SA et des autres soci\u00e9t\u00e9s du groupe Lactalis. > offres d\u2019emploi<\/p>\n","protected":false},"author":1,"featured_media":0,"parent":0,"menu_order":14,"comment_status":"closed","ping_status":"closed","template":"elementor_header_footer","meta":{"footnotes":""},"acf":[],"yoast_head":"<!-- This site is optimized with the Yoast SEO plugin v22.6 - https:\/\/yoast.com\/wordpress\/plugins\/seo\/ -->\n<title>Carri\u00e8re - BAER<\/title>\n<meta name=\"robots\" content=\"index, follow, max-snippet:-1, max-image-preview:large, max-video-preview:-1\" \/>\n<link rel=\"canonical\" href=\"https:\/\/www.baer.ch\/fr\/carriere\/\" \/>\n<meta property=\"og:locale\" content=\"fr_FR\" \/>\n<meta property=\"og:type\" content=\"article\" \/>\n<meta property=\"og:title\" content=\"Carri\u00e8re - BAER\" \/>\n<meta property=\"og:description\" content=\"Carri\u00e8re La soci\u00e9t\u00e9 BAER AG fait partie du groupe laitier Lactalis. Les offres d\u2019emploi de BAER sont donc disponibles sur le portail de\u00a0Lactalis Suisse AG.\u00a0Cliquez sur le lien ci-dessous pour \u00eatre redirig\u00e9 directement vers la liste des offres actuelles de la soci\u00e9t\u00e9 Lactalis Suisse SA et des autres soci\u00e9t\u00e9s du groupe Lactalis. &gt; offres d\u2019emploi\" \/>\n<meta property=\"og:url\" content=\"https:\/\/www.baer.ch\/fr\/carriere\/\" \/>\n<meta property=\"og:site_name\" content=\"BAER\" \/>\n<meta property=\"article:modified_time\" content=\"2021-01-27T20:40:27+00:00\" \/>\n<meta property=\"og:image\" content=\"https:\/\/www.baer.ch\/wp-content\/uploads\/2021\/01\/werte_3.jpg\" \/>\n<meta name=\"twitter:card\" content=\"summary_large_image\" \/>\n<script type=\"application\/ld+json\" class=\"yoast-schema-graph\">{\"@context\":\"https:\/\/schema.org\",\"@graph\":[{\"@type\":\"WebPage\",\"@id\":\"https:\/\/www.baer.ch\/fr\/carriere\/\",\"url\":\"https:\/\/www.baer.ch\/fr\/carriere\/\",\"name\":\"Carri\u00e8re - BAER\",\"isPartOf\":{\"@id\":\"https:\/\/www.baer.ch\/fr\/#website\"},\"primaryImageOfPage\":{\"@id\":\"https:\/\/www.baer.ch\/fr\/carriere\/#primaryimage\"},\"image\":{\"@id\":\"https:\/\/www.baer.ch\/fr\/carriere\/#primaryimage\"},\"thumbnailUrl\":\"https:\/\/www.baer.ch\/wp-content\/uploads\/2021\/01\/werte_3.jpg\",\"datePublished\":\"2020-08-31T16:13:06+00:00\",\"dateModified\":\"2021-01-27T20:40:27+00:00\",\"breadcrumb\":{\"@id\":\"https:\/\/www.baer.ch\/fr\/carriere\/#breadcrumb\"},\"inLanguage\":\"fr-FR\",\"potentialAction\":[{\"@type\":\"ReadAction\",\"target\":[\"https:\/\/www.baer.ch\/fr\/carriere\/\"]}]},{\"@type\":\"ImageObject\",\"inLanguage\":\"fr-FR\",\"@id\":\"https:\/\/www.baer.ch\/fr\/carriere\/#primaryimage\",\"url\":\"https:\/\/www.baer.ch\/wp-content\/uploads\/2021\/01\/werte_3.jpg\",\"contentUrl\":\"https:\/\/www.baer.ch\/wp-content\/uploads\/2021\/01\/werte_3.jpg\"},{\"@type\":\"BreadcrumbList\",\"@id\":\"https:\/\/www.baer.ch\/fr\/carriere\/#breadcrumb\",\"itemListElement\":[{\"@type\":\"ListItem\",\"position\":1,\"name\":\"Home\",\"item\":\"https:\/\/www.baer.ch\/fr\/\"},{\"@type\":\"ListItem\",\"position\":2,\"name\":\"Carri\u00e8re\"}]},{\"@type\":\"WebSite\",\"@id\":\"https:\/\/www.baer.ch\/fr\/#website\",\"url\":\"https:\/\/www.baer.ch\/fr\/\",\"name\":\"BAER\",\"description\":\"\",\"potentialAction\":[{\"@type\":\"SearchAction\",\"target\":{\"@type\":\"EntryPoint\",\"urlTemplate\":\"https:\/\/www.baer.ch\/fr\/?s={search_term_string}\"},\"query-input\":\"required name=search_term_string\"}],\"inLanguage\":\"fr-FR\"}]}<\/script>\n<!-- \/ Yoast SEO plugin. -->","yoast_head_json":{"title":"Carri\u00e8re - BAER","robots":{"index":"index","follow":"follow","max-snippet":"max-snippet:-1","max-image-preview":"max-image-preview:large","max-video-preview":"max-video-preview:-1"},"canonical":"https:\/\/www.baer.ch\/fr\/carriere\/","og_locale":"fr_FR","og_type":"article","og_title":"Carri\u00e8re - BAER","og_description":"Carri\u00e8re La soci\u00e9t\u00e9 BAER AG fait partie du groupe laitier Lactalis. Les offres d\u2019emploi de BAER sont donc disponibles sur le portail de\u00a0Lactalis Suisse AG.\u00a0Cliquez sur le lien ci-dessous pour \u00eatre redirig\u00e9 directement vers la liste des offres actuelles de la soci\u00e9t\u00e9 Lactalis Suisse SA et des autres soci\u00e9t\u00e9s du groupe Lactalis. > offres d\u2019emploi","og_url":"https:\/\/www.baer.ch\/fr\/carriere\/","og_site_name":"BAER","article_modified_time":"2021-01-27T20:40:27+00:00","og_image":[{"url":"https:\/\/www.baer.ch\/wp-content\/uploads\/2021\/01\/werte_3.jpg"}],"twitter_card":"summary_large_image","schema":{"@context":"https:\/\/schema.org","@graph":[{"@type":"WebPage","@id":"https:\/\/www.baer.ch\/fr\/carriere\/","url":"https:\/\/www.baer.ch\/fr\/carriere\/","name":"Carri\u00e8re - BAER","isPartOf":{"@id":"https:\/\/www.baer.ch\/fr\/#website"},"primaryImageOfPage":{"@id":"https:\/\/www.baer.ch\/fr\/carriere\/#primaryimage"},"image":{"@id":"https:\/\/www.baer.ch\/fr\/carriere\/#primaryimage"},"thumbnailUrl":"https:\/\/www.baer.ch\/wp-content\/uploads\/2021\/01\/werte_3.jpg","datePublished":"2020-08-31T16:13:06+00:00","dateModified":"2021-01-27T20:40:27+00:00","breadcrumb":{"@id":"https:\/\/www.baer.ch\/fr\/carriere\/#breadcrumb"},"inLanguage":"fr-FR","potentialAction":[{"@type":"ReadAction","target":["https:\/\/www.baer.ch\/fr\/carriere\/"]}]},{"@type":"ImageObject","inLanguage":"fr-FR","@id":"https:\/\/www.baer.ch\/fr\/carriere\/#primaryimage","url":"https:\/\/www.baer.ch\/wp-content\/uploads\/2021\/01\/werte_3.jpg","contentUrl":"https:\/\/www.baer.ch\/wp-content\/uploads\/2021\/01\/werte_3.jpg"},{"@type":"BreadcrumbList","@id":"https:\/\/www.baer.ch\/fr\/carriere\/#breadcrumb","itemListElement":[{"@type":"ListItem","position":1,"name":"Home","item":"https:\/\/www.baer.ch\/fr\/"},{"@type":"ListItem","position":2,"name":"Carri\u00e8re"}]},{"@type":"WebSite","@id":"https:\/\/www.baer.ch\/fr\/#website","url":"https:\/\/www.baer.ch\/fr\/","name":"BAER","description":"","potentialAction":[{"@type":"SearchAction","target":{"@type":"EntryPoint","urlTemplate":"https:\/\/www.baer.ch\/fr\/?s={search_term_string}"},"query-input":"required name=search_term_string"}],"inLanguage":"fr-FR"}]}},"_links":{"self":[{"href":"https:\/\/www.baer.ch\/fr\/wp-json\/wp\/v2\/pages\/1975"}],"collection":[{"href":"https:\/\/www.baer.ch\/fr\/wp-json\/wp\/v2\/pages"}],"about":[{"href":"https:\/\/www.baer.ch\/fr\/wp-json\/wp\/v2\/types\/page"}],"author":[{"embeddable":true,"href":"https:\/\/www.baer.ch\/fr\/wp-json\/wp\/v2\/users\/1"}],"replies":[{"embeddable":true,"href":"https:\/\/www.baer.ch\/fr\/wp-json\/wp\/v2\/comments?post=1975"}],"version-history":[{"count":6,"href":"https:\/\/www.baer.ch\/fr\/wp-json\/wp\/v2\/pages\/1975\/revisions"}],"predecessor-version":[{"id":3139,"href":"https:\/\/www.baer.ch\/fr\/wp-json\/wp\/v2\/pages\/1975\/revisions\/3139"}],"wp:attachment":[{"href":"https:\/\/www.baer.ch\/fr\/wp-json\/wp\/v2\/media?parent=1975"}],"curies":[{"name":"wp","href":"https:\/\/api.w.org\/{rel}","templated":true}]}}