{"id":2006,"date":"2020-08-31T18:30:02","date_gmt":"2020-08-31T16:30:02","guid":{"rendered":"https:\/\/baer.a4agentur.site\/assortiment\/spezialitaeten\/"},"modified":"2020-09-03T13:15:51","modified_gmt":"2020-09-03T11:15:51","slug":"specialita","status":"publish","type":"page","link":"https:\/\/www.baer.ch\/fr\/assortiment\/specialita\/","title":{"rendered":"Sp\u00e9cialit\u00e0"},"content":{"rendered":"\t\t<div data-elementor-type=\"wp-page\" data-elementor-id=\"2006\" class=\"elementor elementor-2006 elementor-20\" data-elementor-post-type=\"page\">\n\t\t\t\t\t\t\t\t\t<section class=\"elementor-section elementor-top-section elementor-element elementor-element-2856c93 elementor-hidden-phone elementor-section-boxed elementor-section-height-default elementor-section-height-default\" data-id=\"2856c93\" data-element_type=\"section\">\n\t\t\t\t\t\t<div class=\"elementor-container elementor-column-gap-default\">\n\t\t\t\t\t<div class=\"elementor-column elementor-col-50 elementor-top-column elementor-element elementor-element-4e85f56e\" data-id=\"4e85f56e\" data-element_type=\"column\">\n\t\t\t<div class=\"elementor-widget-wrap\">\n\t\t\t\t\t\t\t\t\t<\/div>\n\t\t<\/div>\n\t\t\t\t<div class=\"elementor-column elementor-col-50 elementor-top-column elementor-element elementor-element-2cfbba4b\" data-id=\"2cfbba4b\" data-element_type=\"column\">\n\t\t\t<div class=\"elementor-widget-wrap elementor-element-populated\">\n\t\t\t\t\t\t\t\t<div class=\"elementor-element elementor-element-3838e906 elementor-widget elementor-widget-image\" data-id=\"3838e906\" data-element_type=\"widget\" data-widget_type=\"image.default\">\n\t\t\t\t<div class=\"elementor-widget-container\">\n\t\t\t\t\t\t\t\t\t\t\t\t\t\t\t<img decoding=\"async\" loading=\"lazy\" width=\"1000\" height=\"800\" src=\"https:\/\/www.baer.ch\/wp-content\/uploads\/2020\/08\/teaser-la-fromagerie-suisse.png\" class=\"attachment-full size-full wp-image-858\" alt=\"\" srcset=\"https:\/\/www.baer.ch\/wp-content\/uploads\/2020\/08\/teaser-la-fromagerie-suisse.png 1000w, https:\/\/www.baer.ch\/wp-content\/uploads\/2020\/08\/teaser-la-fromagerie-suisse-300x240.png 300w, https:\/\/www.baer.ch\/wp-content\/uploads\/2020\/08\/teaser-la-fromagerie-suisse-768x614.png 768w\" sizes=\"(max-width: 1000px) 100vw, 1000px\" \/>\t\t\t\t\t\t\t\t\t\t\t\t\t\t\t<\/div>\n\t\t\t\t<\/div>\n\t\t\t\t\t<\/div>\n\t\t<\/div>\n\t\t\t\t\t\t\t<\/div>\n\t\t<\/section>\n\t\t\t\t<section class=\"elementor-section elementor-top-section elementor-element elementor-element-226501d8 elementor-section-boxed elementor-section-height-default elementor-section-height-default\" data-id=\"226501d8\" data-element_type=\"section\">\n\t\t\t\t\t\t<div class=\"elementor-container elementor-column-gap-default\">\n\t\t\t\t\t<div class=\"elementor-column elementor-col-50 elementor-top-column elementor-element elementor-element-1b61f427\" data-id=\"1b61f427\" data-element_type=\"column\" data-settings=\"{&quot;background_background&quot;:&quot;classic&quot;}\">\n\t\t\t<div class=\"elementor-widget-wrap elementor-element-populated\">\n\t\t\t\t\t\t\t\t<div class=\"elementor-element elementor-element-1d7011d2 elementor-widget elementor-widget-heading\" data-id=\"1d7011d2\" data-element_type=\"widget\" data-widget_type=\"heading.default\">\n\t\t\t\t<div class=\"elementor-widget-container\">\n\t\t\t<h3 class=\"elementor-heading-title elementor-size-default\">La Fromagerie Suisse \u2013 Les sp\u00e9cialit\u00e9s<\/h3>\t\t<\/div>\n\t\t\t\t<\/div>\n\t\t\t\t<div class=\"elementor-element elementor-element-4933263 elementor-widget elementor-widget-text-editor\" data-id=\"4933263\" data-element_type=\"widget\" data-widget_type=\"text-editor.default\">\n\t\t\t\t<div class=\"elementor-widget-container\">\n\t\t\t\t\t\t\t<p>Faciles et rapides \u00e0 pr\u00e9parer, une qualit\u00e9 100% suisse : les fromages \u00e0 chaud de BAER sont l\u2019id\u00e9al pour un repas en famille en toute simplicit\u00e9. Un vrai d\u00e9lice \u00e0 chaque fois gr\u00e2ce \u00e0 une panure croustillante et un c\u0153ur fondant de fromage.<\/p>\n\t\t\t\t\t\t<\/div>\n\t\t\t\t<\/div>\n\t\t\t\t\t<\/div>\n\t\t<\/div>\n\t\t\t\t<div class=\"elementor-column elementor-col-50 elementor-top-column elementor-element elementor-element-78965a34\" data-id=\"78965a34\" data-element_type=\"column\">\n\t\t\t<div class=\"elementor-widget-wrap\">\n\t\t\t\t\t\t\t\t\t<\/div>\n\t\t<\/div>\n\t\t\t\t\t\t\t<\/div>\n\t\t<\/section>\n\t\t\t\t<section class=\"elementor-section elementor-top-section elementor-element elementor-element-6d059c69 elementor-section-boxed elementor-section-height-default elementor-section-height-default\" data-id=\"6d059c69\" data-element_type=\"section\">\n\t\t\t\t\t\t<div class=\"elementor-container elementor-column-gap-default\">\n\t\t\t\t\t<div class=\"elementor-column elementor-col-100 elementor-top-column elementor-element elementor-element-3b779c98\" data-id=\"3b779c98\" data-element_type=\"column\">\n\t\t\t<div class=\"elementor-widget-wrap elementor-element-populated\">\n\t\t\t\t\t\t\t\t<div class=\"elementor-element elementor-element-273d3ccb elementor-grid-1 elementor-grid-tablet-1 elementor-posts--thumbnail-top elementor-grid-mobile-1 elementor-widget elementor-widget-posts\" data-id=\"273d3ccb\" data-element_type=\"widget\" data-settings=\"{&quot;custom_columns&quot;:&quot;1&quot;,&quot;custom_columns_tablet&quot;:&quot;1&quot;,&quot;custom_columns_mobile&quot;:&quot;1&quot;,&quot;custom_row_gap&quot;:{&quot;unit&quot;:&quot;px&quot;,&quot;size&quot;:35,&quot;sizes&quot;:[]},&quot;custom_row_gap_tablet&quot;:{&quot;unit&quot;:&quot;px&quot;,&quot;size&quot;:&quot;&quot;,&quot;sizes&quot;:[]},&quot;custom_row_gap_mobile&quot;:{&quot;unit&quot;:&quot;px&quot;,&quot;size&quot;:&quot;&quot;,&quot;sizes&quot;:[]}}\" data-widget_type=\"posts.custom\">\n\t\t\t\t<div class=\"elementor-widget-container\">\n\t\t\t      <div class=\"ecs-posts elementor-posts-container elementor-posts   elementor-grid elementor-posts--skin-custom\" data-settings=\"{&quot;current_page&quot;:1,&quot;max_num_pages&quot;:0,&quot;load_method&quot;:&quot;&quot;,&quot;widget_id&quot;:&quot;273d3ccb&quot;,&quot;post_id&quot;:2006,&quot;theme_id&quot;:2006,&quot;change_url&quot;:false,&quot;reinit_js&quot;:false}\">\n      <div class=\"elementor-posts-nothing-found\"><\/div>\t\t<\/div>\n\t\t\t\t<\/div>\n\t\t\t\t<\/div>\n\t\t\t\t\t<\/div>\n\t\t<\/div>\n\t\t\t\t\t\t\t<\/div>\n\t\t<\/section>\n\t\t\t\t\t\t\t<\/div>\n\t\t","protected":false},"excerpt":{"rendered":"<p>La Fromagerie Suisse \u2013 Les sp\u00e9cialit\u00e9s Faciles et rapides \u00e0 pr\u00e9parer, une qualit\u00e9 100% suisse : les fromages \u00e0 chaud de BAER sont l\u2019id\u00e9al pour un repas en famille en toute simplicit\u00e9. Un vrai d\u00e9lice \u00e0 chaque fois gr\u00e2ce \u00e0 une panure croustillante et un c\u0153ur fondant de fromage.<\/p>\n","protected":false},"author":1,"featured_media":0,"parent":1979,"menu_order":7,"comment_status":"closed","ping_status":"closed","template":"elementor_header_footer","meta":{"footnotes":""},"acf":[],"yoast_head":"<!-- This site is optimized with the Yoast SEO plugin v22.6 - https:\/\/yoast.com\/wordpress\/plugins\/seo\/ -->\n<title>Sp\u00e9cialit\u00e0 - BAER<\/title>\n<meta name=\"robots\" content=\"index, follow, max-snippet:-1, max-image-preview:large, max-video-preview:-1\" \/>\n<link rel=\"canonical\" href=\"https:\/\/www.baer.ch\/fr\/assortiment\/specialita\/\" \/>\n<meta property=\"og:locale\" content=\"fr_FR\" \/>\n<meta property=\"og:type\" content=\"article\" \/>\n<meta property=\"og:title\" content=\"Sp\u00e9cialit\u00e0 - BAER\" \/>\n<meta property=\"og:description\" content=\"La Fromagerie Suisse \u2013 Les sp\u00e9cialit\u00e9s Faciles et rapides \u00e0 pr\u00e9parer, une qualit\u00e9 100% suisse : les fromages \u00e0 chaud de BAER sont l\u2019id\u00e9al pour un repas en famille en toute simplicit\u00e9. Un vrai d\u00e9lice \u00e0 chaque fois gr\u00e2ce \u00e0 une panure croustillante et un c\u0153ur fondant de fromage.\" \/>\n<meta property=\"og:url\" content=\"https:\/\/www.baer.ch\/fr\/assortiment\/specialita\/\" \/>\n<meta property=\"og:site_name\" content=\"BAER\" \/>\n<meta property=\"article:modified_time\" content=\"2020-09-03T11:15:51+00:00\" \/>\n<meta property=\"og:image\" content=\"https:\/\/www.baer.ch.80-74-150-156.m18z1306.sui-inter.net\/wp-content\/uploads\/2020\/08\/teaser-la-fromagerie-suisse.png\" \/>\n<meta name=\"twitter:card\" content=\"summary_large_image\" \/>\n<script type=\"application\/ld+json\" class=\"yoast-schema-graph\">{\"@context\":\"https:\/\/schema.org\",\"@graph\":[{\"@type\":\"WebPage\",\"@id\":\"https:\/\/www.baer.ch\/fr\/assortiment\/specialita\/\",\"url\":\"https:\/\/www.baer.ch\/fr\/assortiment\/specialita\/\",\"name\":\"Sp\u00e9cialit\u00e0 - BAER\",\"isPartOf\":{\"@id\":\"https:\/\/www.baer.ch\/fr\/#website\"},\"primaryImageOfPage\":{\"@id\":\"https:\/\/www.baer.ch\/fr\/assortiment\/specialita\/#primaryimage\"},\"image\":{\"@id\":\"https:\/\/www.baer.ch\/fr\/assortiment\/specialita\/#primaryimage\"},\"thumbnailUrl\":\"https:\/\/www.baer.ch.80-74-150-156.m18z1306.sui-inter.net\/wp-content\/uploads\/2020\/08\/teaser-la-fromagerie-suisse.png\",\"datePublished\":\"2020-08-31T16:30:02+00:00\",\"dateModified\":\"2020-09-03T11:15:51+00:00\",\"breadcrumb\":{\"@id\":\"https:\/\/www.baer.ch\/fr\/assortiment\/specialita\/#breadcrumb\"},\"inLanguage\":\"fr-FR\",\"potentialAction\":[{\"@type\":\"ReadAction\",\"target\":[\"https:\/\/www.baer.ch\/fr\/assortiment\/specialita\/\"]}]},{\"@type\":\"ImageObject\",\"inLanguage\":\"fr-FR\",\"@id\":\"https:\/\/www.baer.ch\/fr\/assortiment\/specialita\/#primaryimage\",\"url\":\"https:\/\/www.baer.ch.80-74-150-156.m18z1306.sui-inter.net\/wp-content\/uploads\/2020\/08\/teaser-la-fromagerie-suisse.png\",\"contentUrl\":\"https:\/\/www.baer.ch.80-74-150-156.m18z1306.sui-inter.net\/wp-content\/uploads\/2020\/08\/teaser-la-fromagerie-suisse.png\"},{\"@type\":\"BreadcrumbList\",\"@id\":\"https:\/\/www.baer.ch\/fr\/assortiment\/specialita\/#breadcrumb\",\"itemListElement\":[{\"@type\":\"ListItem\",\"position\":1,\"name\":\"Home\",\"item\":\"https:\/\/www.baer.ch\/fr\/\"},{\"@type\":\"ListItem\",\"position\":2,\"name\":\"Assortiment\",\"item\":\"https:\/\/www.baer.ch\/fr\/assortiment\/\"},{\"@type\":\"ListItem\",\"position\":3,\"name\":\"Sp\u00e9cialit\u00e0\"}]},{\"@type\":\"WebSite\",\"@id\":\"https:\/\/www.baer.ch\/fr\/#website\",\"url\":\"https:\/\/www.baer.ch\/fr\/\",\"name\":\"BAER\",\"description\":\"\",\"potentialAction\":[{\"@type\":\"SearchAction\",\"target\":{\"@type\":\"EntryPoint\",\"urlTemplate\":\"https:\/\/www.baer.ch\/fr\/?s={search_term_string}\"},\"query-input\":\"required name=search_term_string\"}],\"inLanguage\":\"fr-FR\"}]}<\/script>\n<!-- \/ Yoast SEO plugin. -->","yoast_head_json":{"title":"Sp\u00e9cialit\u00e0 - BAER","robots":{"index":"index","follow":"follow","max-snippet":"max-snippet:-1","max-image-preview":"max-image-preview:large","max-video-preview":"max-video-preview:-1"},"canonical":"https:\/\/www.baer.ch\/fr\/assortiment\/specialita\/","og_locale":"fr_FR","og_type":"article","og_title":"Sp\u00e9cialit\u00e0 - BAER","og_description":"La Fromagerie Suisse \u2013 Les sp\u00e9cialit\u00e9s Faciles et rapides \u00e0 pr\u00e9parer, une qualit\u00e9 100% suisse : les fromages \u00e0 chaud de BAER sont l\u2019id\u00e9al pour un repas en famille en toute simplicit\u00e9. Un vrai d\u00e9lice \u00e0 chaque fois gr\u00e2ce \u00e0 une panure croustillante et un c\u0153ur fondant de fromage.","og_url":"https:\/\/www.baer.ch\/fr\/assortiment\/specialita\/","og_site_name":"BAER","article_modified_time":"2020-09-03T11:15:51+00:00","og_image":[{"url":"https:\/\/www.baer.ch.80-74-150-156.m18z1306.sui-inter.net\/wp-content\/uploads\/2020\/08\/teaser-la-fromagerie-suisse.png"}],"twitter_card":"summary_large_image","schema":{"@context":"https:\/\/schema.org","@graph":[{"@type":"WebPage","@id":"https:\/\/www.baer.ch\/fr\/assortiment\/specialita\/","url":"https:\/\/www.baer.ch\/fr\/assortiment\/specialita\/","name":"Sp\u00e9cialit\u00e0 - BAER","isPartOf":{"@id":"https:\/\/www.baer.ch\/fr\/#website"},"primaryImageOfPage":{"@id":"https:\/\/www.baer.ch\/fr\/assortiment\/specialita\/#primaryimage"},"image":{"@id":"https:\/\/www.baer.ch\/fr\/assortiment\/specialita\/#primaryimage"},"thumbnailUrl":"https:\/\/www.baer.ch.80-74-150-156.m18z1306.sui-inter.net\/wp-content\/uploads\/2020\/08\/teaser-la-fromagerie-suisse.png","datePublished":"2020-08-31T16:30:02+00:00","dateModified":"2020-09-03T11:15:51+00:00","breadcrumb":{"@id":"https:\/\/www.baer.ch\/fr\/assortiment\/specialita\/#breadcrumb"},"inLanguage":"fr-FR","potentialAction":[{"@type":"ReadAction","target":["https:\/\/www.baer.ch\/fr\/assortiment\/specialita\/"]}]},{"@type":"ImageObject","inLanguage":"fr-FR","@id":"https:\/\/www.baer.ch\/fr\/assortiment\/specialita\/#primaryimage","url":"https:\/\/www.baer.ch.80-74-150-156.m18z1306.sui-inter.net\/wp-content\/uploads\/2020\/08\/teaser-la-fromagerie-suisse.png","contentUrl":"https:\/\/www.baer.ch.80-74-150-156.m18z1306.sui-inter.net\/wp-content\/uploads\/2020\/08\/teaser-la-fromagerie-suisse.png"},{"@type":"BreadcrumbList","@id":"https:\/\/www.baer.ch\/fr\/assortiment\/specialita\/#breadcrumb","itemListElement":[{"@type":"ListItem","position":1,"name":"Home","item":"https:\/\/www.baer.ch\/fr\/"},{"@type":"ListItem","position":2,"name":"Assortiment","item":"https:\/\/www.baer.ch\/fr\/assortiment\/"},{"@type":"ListItem","position":3,"name":"Sp\u00e9cialit\u00e0"}]},{"@type":"WebSite","@id":"https:\/\/www.baer.ch\/fr\/#website","url":"https:\/\/www.baer.ch\/fr\/","name":"BAER","description":"","potentialAction":[{"@type":"SearchAction","target":{"@type":"EntryPoint","urlTemplate":"https:\/\/www.baer.ch\/fr\/?s={search_term_string}"},"query-input":"required name=search_term_string"}],"inLanguage":"fr-FR"}]}},"_links":{"self":[{"href":"https:\/\/www.baer.ch\/fr\/wp-json\/wp\/v2\/pages\/2006"}],"collection":[{"href":"https:\/\/www.baer.ch\/fr\/wp-json\/wp\/v2\/pages"}],"about":[{"href":"https:\/\/www.baer.ch\/fr\/wp-json\/wp\/v2\/types\/page"}],"author":[{"embeddable":true,"href":"https:\/\/www.baer.ch\/fr\/wp-json\/wp\/v2\/users\/1"}],"replies":[{"embeddable":true,"href":"https:\/\/www.baer.ch\/fr\/wp-json\/wp\/v2\/comments?post=2006"}],"version-history":[{"count":5,"href":"https:\/\/www.baer.ch\/fr\/wp-json\/wp\/v2\/pages\/2006\/revisions"}],"predecessor-version":[{"id":2732,"href":"https:\/\/www.baer.ch\/fr\/wp-json\/wp\/v2\/pages\/2006\/revisions\/2732"}],"up":[{"embeddable":true,"href":"https:\/\/www.baer.ch\/fr\/wp-json\/wp\/v2\/pages\/1979"}],"wp:attachment":[{"href":"https:\/\/www.baer.ch\/fr\/wp-json\/wp\/v2\/media?parent=2006"}],"curies":[{"name":"wp","href":"https:\/\/api.w.org\/{rel}","templated":true}]}}