{"id":2038,"date":"2020-08-31T19:10:48","date_gmt":"2020-08-31T17:10:48","guid":{"rendered":"https:\/\/baer.a4agentur.site\/disclaimer\/"},"modified":"2020-09-11T17:02:55","modified_gmt":"2020-09-11T15:02:55","slug":"disclaimer","status":"publish","type":"page","link":"https:\/\/www.baer.ch\/it\/disclaimer\/","title":{"rendered":"Disclaimer"},"content":{"rendered":"\t\t<div data-elementor-type=\"wp-page\" data-elementor-id=\"2038\" class=\"elementor elementor-2038 elementor-121\" data-elementor-post-type=\"page\">\n\t\t\t\t\t\t\t\t\t<section class=\"elementor-section elementor-top-section elementor-element elementor-element-391e7b4 elementor-section-boxed elementor-section-height-default elementor-section-height-default\" data-id=\"391e7b4\" data-element_type=\"section\">\n\t\t\t\t\t\t<div class=\"elementor-container elementor-column-gap-default\">\n\t\t\t\t\t<div class=\"elementor-column elementor-col-50 elementor-top-column elementor-element elementor-element-867d321\" data-id=\"867d321\" data-element_type=\"column\" data-settings=\"{&quot;background_background&quot;:&quot;classic&quot;}\">\n\t\t\t<div class=\"elementor-widget-wrap elementor-element-populated\">\n\t\t\t\t\t\t\t\t<div class=\"elementor-element elementor-element-1c7df74 elementor-widget elementor-widget-heading\" data-id=\"1c7df74\" data-element_type=\"widget\" data-widget_type=\"heading.default\">\n\t\t\t\t<div class=\"elementor-widget-container\">\n\t\t\t<h3 class=\"elementor-heading-title elementor-size-default\">Note legali<\/h3>\t\t<\/div>\n\t\t\t\t<\/div>\n\t\t\t\t<div class=\"elementor-element elementor-element-db6bafd elementor-widget elementor-widget-text-editor\" data-id=\"db6bafd\" data-element_type=\"widget\" data-widget_type=\"text-editor.default\">\n\t\t\t\t<div class=\"elementor-widget-container\">\n\t\t\t\t\t\t\t<p>Lactalis Suisse SA attiva la pagina Internet di BAER AG sotto l\u2019indirizzo baer.ch.<\/p>\n\t\t\t\t\t\t<\/div>\n\t\t\t\t<\/div>\n\t\t\t\t<div class=\"elementor-element elementor-element-2bc0b76 elementor-widget elementor-widget-heading\" data-id=\"2bc0b76\" data-element_type=\"widget\" data-widget_type=\"heading.default\">\n\t\t\t\t<div class=\"elementor-widget-container\">\n\t\t\t<h6 class=\"elementor-heading-title elementor-size-default\">1. Garanzia sul contenuto del sito<\/h6>\t\t<\/div>\n\t\t\t\t<\/div>\n\t\t\t\t<div class=\"elementor-element elementor-element-654480e elementor-widget elementor-widget-text-editor\" data-id=\"654480e\" data-element_type=\"widget\" data-widget_type=\"text-editor.default\">\n\t\t\t\t<div class=\"elementor-widget-container\">\n\t\t\t\t\t\t\t<p>Le informazioni presentate su questo sito non sono vincolanti e sono proposte solo a titolo informativo. Nonostante la redazione accurata delle informazioni pubblicate su queste pagine Internet, Lactalis Suisse SA non pu\u00f2 garantirne l\u2019attualit\u00e0, la correttezza, la completezza e la qualit\u00e0. Le azioni di responsabilit\u00e0 contro Lactalis Suisse SA, che si riferiscono alla natura materiale o immateriale di danni causati dall\u2019uso o dal non uso delle informazioni risp. dall\u2019uso di informazioni erronee e incomplete sono fondamentalmente escluse, fintanto che da parte di Lactalis Suisse SA non sia ravvisabile alcuna negligenza intenzionale o grave. Tutte le offerte sono senza impegno e non sono vincolanti. Lactalis Suisse SA si riserva espressamente il diritto di modificare, completare o eliminare alcune parti o la totalit\u00e0 dell\u2019offerta o di sospenderne la pubblicazione temporaneamente o definitivamente senza esplicito preavviso.<\/p>\n\t\t\t\t\t\t<\/div>\n\t\t\t\t<\/div>\n\t\t\t\t<div class=\"elementor-element elementor-element-fcabba0 elementor-widget elementor-widget-heading\" data-id=\"fcabba0\" data-element_type=\"widget\" data-widget_type=\"heading.default\">\n\t\t\t\t<div class=\"elementor-widget-container\">\n\t\t\t<h6 class=\"elementor-heading-title elementor-size-default\">2. Garanzia delle referenze e dei link<\/h6>\t\t<\/div>\n\t\t\t\t<\/div>\n\t\t\t\t<div class=\"elementor-element elementor-element-c8b07b3 elementor-widget elementor-widget-text-editor\" data-id=\"c8b07b3\" data-element_type=\"widget\" data-widget_type=\"text-editor.default\">\n\t\t\t\t<div class=\"elementor-widget-container\">\n\t\t\t\t\t\t\t<p>Al momento di accettare dei link sul suo sito web, Lactalis Suisse SA verifica l\u2019assenza di contenuti illeciti. Tuttavia, dato che Lactalis Suisse SA non ha alcun influenza sull\u2019evoluzione della concezione dei siti collegati al presente sito web, l\u2019azienda non pu\u00f2 accettare alcuna responsabilit\u00e0 riguardo al contenuto di questi siti. Se Lactalis Suisse SA dovesse venire a conoscenza di un contenuto illegale presente sulle pagine collegate o a cui si fa riferimento, tali link verrebbero immediatamente soppressi dal sito aziendale. Lo stesso principio si applica per inserimenti di terzi nel libro d\u2019oro, nei forum di discussione e liste di diffusione aperti da Lactalis Suisse SA.<\/p>\n\t\t\t\t\t\t<\/div>\n\t\t\t\t<\/div>\n\t\t\t\t<div class=\"elementor-element elementor-element-5292d30 elementor-widget elementor-widget-heading\" data-id=\"5292d30\" data-element_type=\"widget\" data-widget_type=\"heading.default\">\n\t\t\t\t<div class=\"elementor-widget-container\">\n\t\t\t<h6 class=\"elementor-heading-title elementor-size-default\">3. Diritti d\u2019autore e diritti del marchio<\/h6>\t\t<\/div>\n\t\t\t\t<\/div>\n\t\t\t\t<div class=\"elementor-element elementor-element-67588b0 elementor-widget elementor-widget-text-editor\" data-id=\"67588b0\" data-element_type=\"widget\" data-widget_type=\"text-editor.default\">\n\t\t\t\t<div class=\"elementor-widget-container\">\n\t\t\t\t\t\t\t<p>In tutte le sue pubblicazioni, Lactalis Suisse SA cerca di rispettare i diritti d\u2019autore della grafica, dei documenti sonori, delle videosequenze e dei testi utilizzati, e di usare grafica, documenti sonori, video sequenze e testi da essa stessa realizzati o fare ricorso a grafica, documenti sonori, video sequenze e testi di dominio pubblico. Tutte le marche e i marchi depositati citati nell\u2019offerta Internet o eventualmente protetti da terzi soggiacciono senza restrizioni alle disposizioni applicabili nell\u2019ambito del diritto dei marchi e dei diritti di propriet\u00e0 dei loro relativi proprietari ufficiali. Una marca citata senza altra precisazione non significa che non sia protetta dai diritti di terzi. Il copyright degli oggetti pubblicati e creati da Lactalis Suisse SA resta di propriet\u00e0 esclusiva di Lactalis Suisse SA. Qualsiasi riproduzione o utilizzazione della grafica, dei documenti sonori, delle videosequenze e dei testi in altre pubblicazioni elettroniche o stampate \u00e8 vietata senza l\u2019esplicito consenso di Lactalis Suisse SA.<\/p>\n\t\t\t\t\t\t<\/div>\n\t\t\t\t<\/div>\n\t\t\t\t<div class=\"elementor-element elementor-element-92a0b94 elementor-widget elementor-widget-heading\" data-id=\"92a0b94\" data-element_type=\"widget\" data-widget_type=\"heading.default\">\n\t\t\t\t<div class=\"elementor-widget-container\">\n\t\t\t<h6 class=\"elementor-heading-title elementor-size-default\">4. Protezione dei dati<\/h6>\t\t<\/div>\n\t\t\t\t<\/div>\n\t\t\t\t<div class=\"elementor-element elementor-element-559b308 elementor-widget elementor-widget-text-editor\" data-id=\"559b308\" data-element_type=\"widget\" data-widget_type=\"text-editor.default\">\n\t\t\t\t<div class=\"elementor-widget-container\">\n\t\t\t\t\t\t\t<p>Se l\u2019offerta Internet implica la possibilit\u00e0 di inserire dati personali o commerciali (indirizzo e-mail, nome, recapito), la concessione di questi dati avviene da parte dell\u2019utente a titolo espressamente volontario.<\/p>\n\t\t\t\t\t\t<\/div>\n\t\t\t\t<\/div>\n\t\t\t\t<div class=\"elementor-element elementor-element-606239b elementor-widget elementor-widget-heading\" data-id=\"606239b\" data-element_type=\"widget\" data-widget_type=\"heading.default\">\n\t\t\t\t<div class=\"elementor-widget-container\">\n\t\t\t<h6 class=\"elementor-heading-title elementor-size-default\">5. Validit\u00e0 giuridica di questa esclusione di responsabilit\u00e0<\/h6>\t\t<\/div>\n\t\t\t\t<\/div>\n\t\t\t\t<div class=\"elementor-element elementor-element-2597e75 elementor-widget elementor-widget-text-editor\" data-id=\"2597e75\" data-element_type=\"widget\" data-widget_type=\"text-editor.default\">\n\t\t\t\t<div class=\"elementor-widget-container\">\n\t\t\t\t\t\t\t<p>Se alcune parti o singole formulazioni di queste note legali dovessero essere nulle, le altre parti resterebbero comunque valide e la parte in causa nulla; nella misura del possibile, la parte interessata dalla nullit\u00e0 andr\u00e0 interpretata dalle parti contraenti in modo tale da restare il pi\u00f9 aderente possibile all\u2019obiettivo iniziale della formulazione interessata da nullit\u00e0.<\/p>\n\t\t\t\t\t\t<\/div>\n\t\t\t\t<\/div>\n\t\t\t\t\t<\/div>\n\t\t<\/div>\n\t\t\t\t<div class=\"elementor-column elementor-col-50 elementor-top-column elementor-element elementor-element-eb86e3e\" data-id=\"eb86e3e\" data-element_type=\"column\">\n\t\t\t<div class=\"elementor-widget-wrap\">\n\t\t\t\t\t\t\t\t\t<\/div>\n\t\t<\/div>\n\t\t\t\t\t\t\t<\/div>\n\t\t<\/section>\n\t\t\t\t\t\t\t<\/div>\n\t\t","protected":false},"excerpt":{"rendered":"<p>Note legali Lactalis Suisse SA attiva la pagina Internet di BAER AG sotto l\u2019indirizzo baer.ch. 1. Garanzia sul contenuto del sito Le informazioni presentate su questo sito non sono vincolanti e sono proposte solo a titolo informativo. Nonostante la redazione accurata delle informazioni pubblicate su queste pagine Internet, Lactalis Suisse SA non pu\u00f2 garantirne l\u2019attualit\u00e0, [&hellip;]<\/p>\n","protected":false},"author":1,"featured_media":0,"parent":0,"menu_order":23,"comment_status":"closed","ping_status":"closed","template":"elementor_header_footer","meta":{"footnotes":""},"acf":[],"yoast_head":"<!-- This site is optimized with the Yoast SEO plugin v22.6 - https:\/\/yoast.com\/wordpress\/plugins\/seo\/ -->\n<title>Disclaimer - BAER<\/title>\n<meta name=\"robots\" content=\"index, follow, max-snippet:-1, max-image-preview:large, max-video-preview:-1\" \/>\n<link rel=\"canonical\" href=\"https:\/\/www.baer.ch\/it\/disclaimer\/\" \/>\n<meta property=\"og:locale\" content=\"it_IT\" \/>\n<meta property=\"og:type\" content=\"article\" \/>\n<meta property=\"og:title\" content=\"Disclaimer - BAER\" \/>\n<meta property=\"og:description\" content=\"Note legali Lactalis Suisse SA attiva la pagina Internet di BAER AG sotto l\u2019indirizzo baer.ch. 1. Garanzia sul contenuto del sito Le informazioni presentate su questo sito non sono vincolanti e sono proposte solo a titolo informativo. Nonostante la redazione accurata delle informazioni pubblicate su queste pagine Internet, Lactalis Suisse SA non pu\u00f2 garantirne l\u2019attualit\u00e0, [&hellip;]\" \/>\n<meta property=\"og:url\" content=\"https:\/\/www.baer.ch\/it\/disclaimer\/\" \/>\n<meta property=\"og:site_name\" content=\"BAER\" \/>\n<meta property=\"article:modified_time\" content=\"2020-09-11T15:02:55+00:00\" \/>\n<meta name=\"twitter:card\" content=\"summary_large_image\" \/>\n<meta name=\"twitter:label1\" content=\"Tempo di lettura stimato\" \/>\n\t<meta name=\"twitter:data1\" content=\"3 minuti\" \/>\n<script type=\"application\/ld+json\" class=\"yoast-schema-graph\">{\"@context\":\"https:\/\/schema.org\",\"@graph\":[{\"@type\":\"WebPage\",\"@id\":\"https:\/\/www.baer.ch\/it\/disclaimer\/\",\"url\":\"https:\/\/www.baer.ch\/it\/disclaimer\/\",\"name\":\"Disclaimer - BAER\",\"isPartOf\":{\"@id\":\"https:\/\/www.baer.ch\/it\/#website\"},\"datePublished\":\"2020-08-31T17:10:48+00:00\",\"dateModified\":\"2020-09-11T15:02:55+00:00\",\"breadcrumb\":{\"@id\":\"https:\/\/www.baer.ch\/it\/disclaimer\/#breadcrumb\"},\"inLanguage\":\"it-IT\",\"potentialAction\":[{\"@type\":\"ReadAction\",\"target\":[\"https:\/\/www.baer.ch\/it\/disclaimer\/\"]}]},{\"@type\":\"BreadcrumbList\",\"@id\":\"https:\/\/www.baer.ch\/it\/disclaimer\/#breadcrumb\",\"itemListElement\":[{\"@type\":\"ListItem\",\"position\":1,\"name\":\"Home\",\"item\":\"https:\/\/www.baer.ch\/it\/\"},{\"@type\":\"ListItem\",\"position\":2,\"name\":\"Disclaimer\"}]},{\"@type\":\"WebSite\",\"@id\":\"https:\/\/www.baer.ch\/it\/#website\",\"url\":\"https:\/\/www.baer.ch\/it\/\",\"name\":\"BAER\",\"description\":\"\",\"potentialAction\":[{\"@type\":\"SearchAction\",\"target\":{\"@type\":\"EntryPoint\",\"urlTemplate\":\"https:\/\/www.baer.ch\/it\/?s={search_term_string}\"},\"query-input\":\"required name=search_term_string\"}],\"inLanguage\":\"it-IT\"}]}<\/script>\n<!-- \/ Yoast SEO plugin. -->","yoast_head_json":{"title":"Disclaimer - BAER","robots":{"index":"index","follow":"follow","max-snippet":"max-snippet:-1","max-image-preview":"max-image-preview:large","max-video-preview":"max-video-preview:-1"},"canonical":"https:\/\/www.baer.ch\/it\/disclaimer\/","og_locale":"it_IT","og_type":"article","og_title":"Disclaimer - BAER","og_description":"Note legali Lactalis Suisse SA attiva la pagina Internet di BAER AG sotto l\u2019indirizzo baer.ch. 1. Garanzia sul contenuto del sito Le informazioni presentate su questo sito non sono vincolanti e sono proposte solo a titolo informativo. Nonostante la redazione accurata delle informazioni pubblicate su queste pagine Internet, Lactalis Suisse SA non pu\u00f2 garantirne l\u2019attualit\u00e0, [&hellip;]","og_url":"https:\/\/www.baer.ch\/it\/disclaimer\/","og_site_name":"BAER","article_modified_time":"2020-09-11T15:02:55+00:00","twitter_card":"summary_large_image","twitter_misc":{"Tempo di lettura stimato":"3 minuti"},"schema":{"@context":"https:\/\/schema.org","@graph":[{"@type":"WebPage","@id":"https:\/\/www.baer.ch\/it\/disclaimer\/","url":"https:\/\/www.baer.ch\/it\/disclaimer\/","name":"Disclaimer - BAER","isPartOf":{"@id":"https:\/\/www.baer.ch\/it\/#website"},"datePublished":"2020-08-31T17:10:48+00:00","dateModified":"2020-09-11T15:02:55+00:00","breadcrumb":{"@id":"https:\/\/www.baer.ch\/it\/disclaimer\/#breadcrumb"},"inLanguage":"it-IT","potentialAction":[{"@type":"ReadAction","target":["https:\/\/www.baer.ch\/it\/disclaimer\/"]}]},{"@type":"BreadcrumbList","@id":"https:\/\/www.baer.ch\/it\/disclaimer\/#breadcrumb","itemListElement":[{"@type":"ListItem","position":1,"name":"Home","item":"https:\/\/www.baer.ch\/it\/"},{"@type":"ListItem","position":2,"name":"Disclaimer"}]},{"@type":"WebSite","@id":"https:\/\/www.baer.ch\/it\/#website","url":"https:\/\/www.baer.ch\/it\/","name":"BAER","description":"","potentialAction":[{"@type":"SearchAction","target":{"@type":"EntryPoint","urlTemplate":"https:\/\/www.baer.ch\/it\/?s={search_term_string}"},"query-input":"required name=search_term_string"}],"inLanguage":"it-IT"}]}},"_links":{"self":[{"href":"https:\/\/www.baer.ch\/it\/wp-json\/wp\/v2\/pages\/2038"}],"collection":[{"href":"https:\/\/www.baer.ch\/it\/wp-json\/wp\/v2\/pages"}],"about":[{"href":"https:\/\/www.baer.ch\/it\/wp-json\/wp\/v2\/types\/page"}],"author":[{"embeddable":true,"href":"https:\/\/www.baer.ch\/it\/wp-json\/wp\/v2\/users\/1"}],"replies":[{"embeddable":true,"href":"https:\/\/www.baer.ch\/it\/wp-json\/wp\/v2\/comments?post=2038"}],"version-history":[{"count":1,"href":"https:\/\/www.baer.ch\/it\/wp-json\/wp\/v2\/pages\/2038\/revisions"}],"predecessor-version":[{"id":2039,"href":"https:\/\/www.baer.ch\/it\/wp-json\/wp\/v2\/pages\/2038\/revisions\/2039"}],"wp:attachment":[{"href":"https:\/\/www.baer.ch\/it\/wp-json\/wp\/v2\/media?parent=2038"}],"curies":[{"name":"wp","href":"https:\/\/api.w.org\/{rel}","templated":true}]}}